{"id":6656,"date":"2024-04-18T15:38:52","date_gmt":"2024-04-18T20:38:52","guid":{"rendered":"https:\/\/cgm.tailfish1.com\/product\/commongood-medical-slim-phone-cases\/"},"modified":"2024-05-06T09:46:48","modified_gmt":"2024-05-06T14:46:48","slug":"commongood-medico-delgado-fundas-de-movil","status":"publish","type":"product","link":"https:\/\/commongoodmedical.org\/es\/product\/commongood-medical-slim-phone-cases\/","title":{"rendered":"Fundas delgadas de CommonGood Medical para tel\u00e9fonos."},"content":{"rendered":"<p>Estos estuches flexibles y s\u00faper delgados le permiten proteger su tel\u00e9fono y al mismo tiempo respaldar a CommonGood Medical.&nbsp;<\/p>\n<p>.: Material: Pl\u00e1stico de policarbonato Lexan<br \/>.: Dise\u00f1o s\u00faper delgado y acabado premium brillante<br \/>.: Material duradero y resistente a impactos.<br \/>.: Soporta carga inal\u00e1mbrica<\/p>","protected":false},"excerpt":{"rendered":"<p>These flexible, super-slim cases allow you to protect your phone while supporting CommonGood Medical.&nbsp; .: Material: Lexan polycarbonate plastic.: Super slim design and glossy premium finish.: Durable and impact resistant material.: Supports wireless charging<\/p>","protected":false},"featured_media":7086,"template":"","meta":{"site-sidebar-layout":"default","site-content-layout":"","ast-site-content-layout":"default","site-content-style":"default","site-sidebar-style":"default","ast-global-header-display":"","ast-banner-title-visibility":"","ast-main-header-display":"","ast-hfb-above-header-display":"","ast-hfb-below-header-display":"","ast-hfb-mobile-header-display":"","site-post-title":"","ast-breadcrumbs-content":"","ast-featured-img":"","footer-sml-layout":"","ast-disable-related-posts":"","theme-transparent-header-meta":"","adv-header-id-meta":"","stick-header-meta":"","header-above-stick-meta":"","header-main-stick-meta":"","header-below-stick-meta":"","astra-migrate-meta-layouts":"default","ast-page-background-enabled":"default","ast-page-background-meta":{"desktop":{"background-color":"","background-image":"","background-repeat":"repeat","background-position":"center center","background-size":"auto","background-attachment":"scroll","background-type":"","background-media":"","overlay-type":"","overlay-color":"","overlay-opacity":"","overlay-gradient":""},"tablet":{"background-color":"","background-image":"","background-repeat":"repeat","background-position":"center center","background-size":"auto","background-attachment":"scroll","background-type":"","background-media":"","overlay-type":"","overlay-color":"","overlay-opacity":"","overlay-gradient":""},"mobile":{"background-color":"","background-image":"","background-repeat":"repeat","background-position":"center center","background-size":"auto","background-attachment":"scroll","background-type":"","background-media":"","overlay-type":"","overlay-color":"","overlay-opacity":"","overlay-gradient":""}},"ast-content-background-meta":{"desktop":{"background-color":"var(--ast-global-color-5)","background-image":"","background-repeat":"repeat","background-position":"center center","background-size":"auto","background-attachment":"scroll","background-type":"","background-media":"","overlay-type":"","overlay-color":"","overlay-opacity":"","overlay-gradient":""},"tablet":{"background-color":"var(--ast-global-color-5)","background-image":"","background-repeat":"repeat","background-position":"center center","background-size":"auto","background-attachment":"scroll","background-type":"","background-media":"","overlay-type":"","overlay-color":"","overlay-opacity":"","overlay-gradient":""},"mobile":{"background-color":"var(--ast-global-color-5)","background-image":"","background-repeat":"repeat","background-position":"center center","background-size":"auto","background-attachment":"scroll","background-type":"","background-media":"","overlay-type":"","overlay-color":"","overlay-opacity":"","overlay-gradient":""}}},"product_brand":[],"product_cat":[50],"product_tag":[],"class_list":{"0":"post-6656","1":"product","2":"type-product","3":"status-publish","4":"has-post-thumbnail","6":"product_cat-phonecases","7":"desktop-align-center","8":"tablet-align-center","9":"mobile-align-center","11":"first","12":"instock","13":"taxable","14":"shipping-taxable","15":"purchasable","16":"product-type-variable","17":"has-default-attributes"},"aioseo_notices":[],"_links":{"self":[{"href":"https:\/\/commongoodmedical.org\/es\/wp-json\/wp\/v2\/product\/6656","targetHints":{"allow":["GET"]}}],"collection":[{"href":"https:\/\/commongoodmedical.org\/es\/wp-json\/wp\/v2\/product"}],"about":[{"href":"https:\/\/commongoodmedical.org\/es\/wp-json\/wp\/v2\/types\/product"}],"version-history":[{"count":1,"href":"https:\/\/commongoodmedical.org\/es\/wp-json\/wp\/v2\/product\/6656\/revisions"}],"predecessor-version":[{"id":7169,"href":"https:\/\/commongoodmedical.org\/es\/wp-json\/wp\/v2\/product\/6656\/revisions\/7169"}],"wp:featuredmedia":[{"embeddable":true,"href":"https:\/\/commongoodmedical.org\/es\/wp-json\/wp\/v2\/media\/7086"}],"wp:attachment":[{"href":"https:\/\/commongoodmedical.org\/es\/wp-json\/wp\/v2\/media?parent=6656"}],"wp:term":[{"taxonomy":"product_brand","embeddable":true,"href":"https:\/\/commongoodmedical.org\/es\/wp-json\/wp\/v2\/product_brand?post=6656"},{"taxonomy":"product_cat","embeddable":true,"href":"https:\/\/commongoodmedical.org\/es\/wp-json\/wp\/v2\/product_cat?post=6656"},{"taxonomy":"product_tag","embeddable":true,"href":"https:\/\/commongoodmedical.org\/es\/wp-json\/wp\/v2\/product_tag?post=6656"}],"curies":[{"name":"wp","href":"https:\/\/api.w.org\/{rel}","templated":true}]}}