{"id":4442,"date":"2024-03-18T12:45:37","date_gmt":"2024-03-18T17:45:37","guid":{"rendered":"https:\/\/cgm.tailfish1.com\/?page_id=4442"},"modified":"2025-01-14T14:14:54","modified_gmt":"2025-01-14T20:14:54","slug":"medios-de-comunicacion-2","status":"publish","type":"page","link":"https:\/\/commongoodmedical.org\/es\/media\/","title":{"rendered":"Medios de comunicaci\u00f3n"},"content":{"rendered":"<div data-elementor-type=\"wp-page\" data-elementor-id=\"4442\" class=\"elementor elementor-4442\" data-elementor-post-type=\"page\">\n\t\t\t\t<div class=\"elementor-element elementor-element-67d9854 e-flex e-con-boxed e-con e-parent\" data-id=\"67d9854\" data-element_type=\"container\" data-e-type=\"container\" data-settings=\"{&quot;background_background&quot;:&quot;classic&quot;}\">\n\t\t\t\t\t<div class=\"e-con-inner\">\n\t\t\t\t<div class=\"elementor-element elementor-element-fead5b2 elementor-widget elementor-widget-heading\" data-id=\"fead5b2\" data-element_type=\"widget\" data-e-type=\"widget\" data-widget_type=\"heading.default\">\n\t\t\t\t<div class=\"elementor-widget-container\">\n\t\t\t\t\t<h1 class=\"elementor-heading-title elementor-size-default\">Medios de comunicaci\u00f3n<\/h1>\t\t\t\t<\/div>\n\t\t\t\t<\/div>\n\t\t\t\t\t<\/div>\n\t\t\t\t<\/div>\n\t\t<div class=\"elementor-element elementor-element-6b37bc7 e-flex e-con-boxed e-con e-parent\" data-id=\"6b37bc7\" data-element_type=\"container\" data-e-type=\"container\">\n\t\t\t\t\t<div class=\"e-con-inner\">\n\t\t<div class=\"elementor-element elementor-element-e46c1c7 e-con-full e-flex e-con e-child\" data-id=\"e46c1c7\" data-element_type=\"container\" data-e-type=\"container\">\n\t\t\t\t<div class=\"elementor-element elementor-element-c379522 elementor-widget elementor-widget-heading\" data-id=\"c379522\" data-element_type=\"widget\" data-e-type=\"widget\" data-widget_type=\"heading.default\">\n\t\t\t\t<div class=\"elementor-widget-container\">\n\t\t\t\t\t<h3 class=\"elementor-heading-title elementor-size-default\">If you\u2019re a member of the media and would like more information about CommonGood Medical, please email Stephanie Sailer. <\/h3>\t\t\t\t<\/div>\n\t\t\t\t<\/div>\n\t\t\t\t<\/div>\n\t\t<div class=\"elementor-element elementor-element-cb578db e-con-full e-flex e-con e-child\" data-id=\"cb578db\" data-element_type=\"container\" data-e-type=\"container\">\n\t\t\t\t<div class=\"elementor-element elementor-element-01dd564 elementor-view-default elementor-position-block-start elementor-mobile-position-block-start elementor-widget elementor-widget-icon-box\" data-id=\"01dd564\" data-element_type=\"widget\" data-e-type=\"widget\" data-widget_type=\"icon-box.default\">\n\t\t\t\t<div class=\"elementor-widget-container\">\n\t\t\t\t\t\t\t<div class=\"elementor-icon-box-wrapper\">\n\n\t\t\t\t\t\t<div class=\"elementor-icon-box-icon\">\n\t\t\t\t<a href=\"mailto:stephanie@commongoodmedical.org\" target=\"_blank\" class=\"elementor-icon\" tabindex=\"-1\" aria-label=\"Email Stephanie Sailer \">\n\t\t\t\t<svg aria-hidden=\"true\" class=\"e-font-icon-svg e-fas-envelope\" viewbox=\"0 0 512 512\" xmlns=\"http:\/\/www.w3.org\/2000\/svg\"><path d=\"M502.3 190.8c3.9-3.1 9.7-.2 9.7 4.7V400c0 26.5-21.5 48-48 48H48c-26.5 0-48-21.5-48-48V195.6c0-5 5.7-7.8 9.7-4.7 22.4 17.4 52.1 39.5 154.1 113.6 21.1 15.4 56.7 47.8 92.2 47.6 35.7.3 72-32.8 92.3-47.6 102-74.1 131.6-96.3 154-113.7zM256 320c23.2.4 56.6-29.2 73.4-41.4 132.7-96.3 142.8-104.7 173.4-128.7 5.8-4.5 9.2-11.5 9.2-18.9v-19c0-26.5-21.5-48-48-48H48C21.5 64 0 85.5 0 112v19c0 7.4 3.4 14.3 9.2 18.9 30.6 23.9 40.7 32.4 173.4 128.7 16.8 12.2 50.2 41.8 73.4 41.4z\"><\/path><\/svg>\t\t\t\t<\/a>\n\t\t\t<\/div>\n\t\t\t\n\t\t\t\t\t\t<div class=\"elementor-icon-box-content\">\n\n\t\t\t\t\t\t\t\t\t<h3 class=\"elementor-icon-box-title\">\n\t\t\t\t\t\t<a href=\"mailto:stephanie@commongoodmedical.org\" target=\"_blank\" >\n\t\t\t\t\t\t\tEmail Stephanie Sailer \t\t\t\t\t\t<\/a>\n\t\t\t\t\t<\/h3>\n\t\t\t\t\n\t\t\t\t\n\t\t\t<\/div>\n\t\t\t\n\t\t<\/div>\n\t\t\t\t\t\t<\/div>\n\t\t\t\t<\/div>\n\t\t\t\t<\/div>\n\t\t\t\t\t<\/div>\n\t\t\t\t<\/div>\n\t\t<div class=\"elementor-element elementor-element-8f57c5e e-flex e-con-boxed e-con e-parent\" data-id=\"8f57c5e\" data-element_type=\"container\" data-e-type=\"container\" id=\"mentions\" data-settings=\"{&quot;background_background&quot;:&quot;classic&quot;}\">\n\t\t\t\t\t<div class=\"e-con-inner\">\n\t\t\t\t<div class=\"elementor-element elementor-element-29f4224 elementor-widget elementor-widget-heading\" data-id=\"29f4224\" data-element_type=\"widget\" data-e-type=\"widget\" data-widget_type=\"heading.default\">\n\t\t\t\t<div class=\"elementor-widget-container\">\n\t\t\t\t\t<h2 class=\"elementor-heading-title elementor-size-default\">Menciones en los medios<\/h2>\t\t\t\t<\/div>\n\t\t\t\t<\/div>\n\t\t\t\t<div class=\"elementor-element elementor-element-1b6aa64 elementor-widget elementor-widget-toolset-view\" data-id=\"1b6aa64\" data-element_type=\"widget\" data-e-type=\"widget\" data-widget_type=\"toolset-view.default\">\n\t\t\t\t<div class=\"elementor-widget-container\">\n\t\t\t\t\t\n\n\n<div id=\"wpv-view-layout-4642\" class=\"js-wpv-view-layout js-wpv-layout-responsive js-wpv-view-layout-4642\" data-viewnumber=\"4642\" data-pagination=\"{&quot;id&quot;:4642,&quot;query&quot;:&quot;normal&quot;,&quot;type&quot;:&quot;disabled&quot;,&quot;effect&quot;:&quot;fade&quot;,&quot;duration&quot;:500,&quot;speed&quot;:5,&quot;pause_on_hover&quot;:&quot;enabled&quot;,&quot;stop_rollover&quot;:&quot;false&quot;,&quot;cache_pages&quot;:&quot;enabled&quot;,&quot;preload_images&quot;:&quot;enabled&quot;,&quot;preload_pages&quot;:&quot;enabled&quot;,&quot;preload_reach&quot;:1,&quot;spinner&quot;:&quot;builtin&quot;,&quot;spinner_image&quot;:&quot;https:\/\/cgm.tailfish1.com\/wp-content\/plugins\/wp-views\/embedded\/res\/img\/ajax-loader.gif&quot;,&quot;callback_next&quot;:&quot;&quot;,&quot;manage_history&quot;:&quot;enabled&quot;,&quot;has_controls_in_form&quot;:&quot;disabled&quot;,&quot;infinite_tolerance&quot;:&quot;0&quot;,&quot;max_pages&quot;:0,&quot;page&quot;:1,&quot;base_permalink&quot;:&quot;\/es\/wp-json\/wp\/v2\/pages\/4442?wpv_view_count=4642&amp;wpv_paged=WPV_PAGE_NUM&quot;,&quot;loop&quot;:{&quot;type&quot;:&quot;&quot;,&quot;name&quot;:&quot;&quot;,&quot;data&quot;:[],&quot;id&quot;:0}}\" data-permalink=\"\/es\/wp-json\/wp\/v2\/pages\/4442?wpv_view_count=4642\">\n\n\t\n\t\n\t\t\n\t\t\t<div class=\"outerContainer\">\n              <a href=\"https:\/\/mckinneytoday.com\/agts-dustin-tavella-headlines-fundraiser\/\" target=\"_blank\"><img decoding=\"async\" src=\"https:\/\/commongoodmedical.org\/wp-content\/uploads\/Dustin-Tavella-wpcf_200x200.jpg\" class=\"imageFloated\"\/><\/a>\n              <p class=\"mentionTitle\"><a href=\"https:\/\/mckinneytoday.com\/agts-dustin-tavella-headlines-fundraiser\/\" target=\"_blank\">Dustin Tavella de AGT encabeza la recaudaci\u00f3n de fondos<\/a><\/p>\n              <p class=\"mentionMeta\">McKinney Today<\/p>\n              <p class=\"mentionMeta\">May 1, 2024<\/p>\n              <p class=\"mentionDesc\"><\/p>\n          <\/div>\n\t\t\n\t\t\t<div class=\"outerContainer\">\n              <a href=\"https:\/\/communityimpact.com\/dallas-fort-worth\/mckinney\/health-care\/2024\/03\/26\/hope-clinic-of-mckinney-rebrands-as-commongood-medical\/\" target=\"_blank\"><img decoding=\"async\" src=\"https:\/\/commongoodmedical.org\/wp-content\/uploads\/ci_logo-wpcf_200x200.jpg\" class=\"imageFloated\"\/><\/a>\n              <p class=\"mentionTitle\"><a href=\"https:\/\/communityimpact.com\/dallas-fort-worth\/mckinney\/health-care\/2024\/03\/26\/hope-clinic-of-mckinney-rebrands-as-commongood-medical\/\" target=\"_blank\">Hope Clinic of McKinney cambia su nombre a CommonGood Medical<\/a><\/p>\n              <p class=\"mentionMeta\">Impacto comunitario<\/p>\n              <p class=\"mentionMeta\">26 de marzo de 2024<\/p>\n              <p class=\"mentionDesc\"><\/p>\n          <\/div>\n\t\t\n\t\t\t<div class=\"outerContainer\">\n              <a href=\"https:\/\/www.keranews.org\/news\/2023-10-24\/collin-county-has-no-public-hospital-to-serve-uninsured-residents-faith-groups-are-filling-the-gap\" target=\"_blank\"><img decoding=\"async\" src=\"https:\/\/commongoodmedical.org\/wp-content\/uploads\/2024-03-19_11-41-02-wpcf_200x200.png\" class=\"imageFloated\"\/><\/a>\n              <p class=\"mentionTitle\"><a href=\"https:\/\/www.keranews.org\/news\/2023-10-24\/collin-county-has-no-public-hospital-to-serve-uninsured-residents-faith-groups-are-filling-the-gap\" target=\"_blank\">El condado de Collin no tiene ning\u00fan hospital p\u00fablico para atender a los residentes sin seguro. Los grupos religiosos est\u00e1n llenando el vac\u00edo<\/a><\/p>\n              <p class=\"mentionMeta\">Noticias KERA<\/p>\n              <p class=\"mentionMeta\">24 de octubre de 2023<\/p>\n              <p class=\"mentionDesc\"><\/p>\n          <\/div>\n\t\t\n\t\t\t<div class=\"outerContainer\">\n              <a href=\"https:\/\/www.localprofile.com\/news\/3000-nonprofits-north-texas-giving-day-7507133\" target=\"_blank\"><img decoding=\"async\" src=\"https:\/\/commongoodmedical.org\/wp-content\/uploads\/localProfile-wpcf_200x200.png\" class=\"imageFloated\"\/><\/a>\n              <p class=\"mentionTitle\"><a href=\"https:\/\/www.localprofile.com\/news\/3000-nonprofits-north-texas-giving-day-7507133\" target=\"_blank\">M\u00e1s de 3000 organizaciones sin fines de lucro registradas para el D\u00eda de Donaciones del Norte de Texas de este a\u00f1o<\/a><\/p>\n              <p class=\"mentionMeta\">Revista de perfil local<\/p>\n              <p class=\"mentionMeta\">29 de agosto de 2023<\/p>\n              <p class=\"mentionDesc\"><\/p>\n          <\/div>\n\t\t\n\t\t\t<div class=\"outerContainer\">\n              <a href=\"https:\/\/mysweetcharity.com\/2023\/09\/2023-north-texas-giving-day-booster-hope-clinic-of-mckinney\/\" target=\"_blank\"><img decoding=\"async\" src=\"https:\/\/commongoodmedical.org\/wp-content\/uploads\/2024-03-19_11-46-33-wpcf_200x200.png\" class=\"imageFloated\"\/><\/a>\n              <p class=\"mentionTitle\"><a href=\"https:\/\/mysweetcharity.com\/2023\/09\/2023-north-texas-giving-day-booster-hope-clinic-of-mckinney\/\" target=\"_blank\">Refuerzo del d\u00eda de donaci\u00f3n del norte de Texas 2023: Hope Clinic Of McKinney<\/a><\/p>\n              <p class=\"mentionMeta\">Blog de MySweetCharity<\/p>\n              <p class=\"mentionMeta\">5 de septiembre de 2023<\/p>\n              <p class=\"mentionDesc\"><\/p>\n          <\/div>\n\t\t\n\t\t\t<div class=\"outerContainer\">\n              <a href=\"https:\/\/issuu.com\/onmagazinetx\/docs\/onmagazinedec22-issuu\" target=\"_blank\"><img decoding=\"async\" src=\"https:\/\/commongoodmedical.org\/wp-content\/uploads\/on_magazine-wpcf_200x200.png\" class=\"imageFloated\"\/><\/a>\n              <p class=\"mentionTitle\"><a href=\"https:\/\/issuu.com\/onmagazinetx\/docs\/onmagazinedec22-issuu\" target=\"_blank\">Cl\u00ednica Esperanza de McKinney<\/a><\/p>\n              <p class=\"mentionMeta\">Revista ON<\/p>\n              <p class=\"mentionMeta\">diciembre 2022<\/p>\n              <p class=\"mentionDesc\">Art\u00edculo destacado de Hope Clinic junto con la promoci\u00f3n del sorteo \u201cYour Choice\u201d, consulte la p\u00e1g. 44 y siguientes<\/p>\n          <\/div>\n\t\t\n\t\t\t<div class=\"outerContainer\">\n              <a href=\"https:\/\/commongoodmag.com\/the-local-church-can-meet-the-hidden-needs-of-a-community\/\" target=\"_blank\"><img decoding=\"async\" src=\"https:\/\/commongoodmedical.org\/wp-content\/uploads\/2024-03-20_13-13-53-wpcf_200x200.png\" class=\"imageFloated\"\/><\/a>\n              <p class=\"mentionTitle\"><a href=\"https:\/\/commongoodmag.com\/the-local-church-can-meet-the-hidden-needs-of-a-community\/\" target=\"_blank\">La iglesia local puede satisfacer las necesidades ocultas de una comunidad<\/a><\/p>\n              <p class=\"mentionMeta\">Hecho para florecer &quot;Revista del Bien Com\u00fan&quot;<\/p>\n              <p class=\"mentionMeta\">23 de marzo de 2022<\/p>\n              <p class=\"mentionDesc\">por Joseph Honescko<\/p>\n          <\/div>\n\t\t\n\t\t\t<div class=\"outerContainer\">\n              <a href=\"https:\/\/www.audacy.com\/krld\/news\/local\/difference-makers-bring-hope-and-healthcare-to-underserved\" target=\"_blank\"><img decoding=\"async\" src=\"https:\/\/commongoodmedical.org\/wp-content\/uploads\/images-wpcf_200x200.jpg\" class=\"imageFloated\"\/><\/a>\n              <p class=\"mentionTitle\"><a href=\"https:\/\/www.audacy.com\/krld\/news\/local\/difference-makers-bring-hope-and-healthcare-to-underserved\" target=\"_blank\">Los que hacen la diferencia llevan esperanza y atenci\u00f3n m\u00e9dica a los menos atendidos<\/a><\/p>\n              <p class=\"mentionMeta\">Radio KRLD<\/p>\n              <p class=\"mentionMeta\">Entrevista \u201cHacedor de diferencias\u201d 2021<\/p>\n              <p class=\"mentionDesc\">Con nuestro fundador, el Dr. Stephen Twyman<\/p>\n          <\/div>\n\t\t\n\t\t\t<div class=\"outerContainer\">\n              <a href=\"https:\/\/citylifestyle.com\/articles\/from-humble-beginnings-to-a-hopeful-future\" target=\"_blank\"><img decoding=\"async\" src=\"https:\/\/commongoodmedical.org\/wp-content\/uploads\/6S9A8796jpg-333-300-wpcf_200x200.jpg\" class=\"imageFloated\"\/><\/a>\n              <p class=\"mentionTitle\"><a href=\"https:\/\/citylifestyle.com\/articles\/from-humble-beginnings-to-a-hopeful-future\" target=\"_blank\">De unos comienzos humildes a un futuro esperanzador<\/a><\/p>\n              <p class=\"mentionMeta\">Revista McKinney+Prosper Lifestyle<\/p>\n              <p class=\"mentionMeta\">noviembre 2021<\/p>\n              <p class=\"mentionDesc\">Art\u00edculo destacado de esta edici\u00f3n.<\/p>\n          <\/div>\n\t\t\n\t\t\t<div class=\"outerContainer\">\n              <a href=\"https:\/\/cgm.tailfish1.com\/wp-content\/uploads\/iao_234955_prep_20210803112203508.pdf\" target=\"_blank\"><img decoding=\"async\" src=\"https:\/\/commongoodmedical.org\/wp-content\/uploads\/in-and-around-wpcf_200x200.png\" class=\"imageFloated\"\/><\/a>\n              <p class=\"mentionTitle\"><a href=\"https:\/\/cgm.tailfish1.com\/wp-content\/uploads\/iao_234955_prep_20210803112203508.pdf\" target=\"_blank\">Campe\u00f3n de I&amp;A: Cl\u00ednica Hope de McKinney<\/a><\/p>\n              <p class=\"mentionMeta\">Revista dentro y alrededor<\/p>\n              <p class=\"mentionMeta\">agosto 2021<\/p>\n              <p class=\"mentionDesc\">Art\u00edculo destacado de esta edici\u00f3n.<\/p>\n          <\/div>\n\t\t\n\t\n\t\n\t\n<\/div>\n \t\t\t\t<\/div>\n\t\t\t\t<\/div>\n\t\t\t\t\t<\/div>\n\t\t\t\t<\/div>\n\t\t\t\t<\/div>","protected":false},"excerpt":{"rendered":"<p>Media If you\u2019re a member of the media and would like more information about CommonGood Medical, please email Stephanie Sailer. Email Stephanie Sailer Media Mentions AGT&#8217;s Dustin Tavella Headlines Fundraiser McKinney Today May 1, 2024 Hope Clinic of McKinney rebrands as CommonGood Medical Community Impact March 26, 2024 Collin County has no public hospital to [&hellip;]<\/p>\n","protected":false},"author":1,"featured_media":0,"parent":0,"menu_order":0,"comment_status":"closed","ping_status":"closed","template":"","meta":{"site-sidebar-layout":"no-sidebar","site-content-layout":"page-builder","ast-site-content-layout":"full-width-container","site-content-style":"default","site-sidebar-style":"default","ast-global-header-display":"","ast-banner-title-visibility":"","ast-main-header-display":"","ast-hfb-above-header-display":"","ast-hfb-below-header-display":"","ast-hfb-mobile-header-display":"","site-post-title":"disabled","ast-breadcrumbs-content":"","ast-featured-img":"disabled","footer-sml-layout":"","ast-disable-related-posts":"","theme-transparent-header-meta":"default","adv-header-id-meta":"","stick-header-meta":"","header-above-stick-meta":"","header-main-stick-meta":"","header-below-stick-meta":"","astra-migrate-meta-layouts":"set","ast-page-background-enabled":"default","ast-page-background-meta":{"desktop":{"background-color":"","background-image":"","background-repeat":"repeat","background-position":"center center","background-size":"auto","background-attachment":"scroll","background-type":"","background-media":"","overlay-type":"","overlay-color":"","overlay-opacity":"","overlay-gradient":""},"tablet":{"background-color":"","background-image":"","background-repeat":"repeat","background-position":"center center","background-size":"auto","background-attachment":"scroll","background-type":"","background-media":"","overlay-type":"","overlay-color":"","overlay-opacity":"","overlay-gradient":""},"mobile":{"background-color":"","background-image":"","background-repeat":"repeat","background-position":"center center","background-size":"auto","background-attachment":"scroll","background-type":"","background-media":"","overlay-type":"","overlay-color":"","overlay-opacity":"","overlay-gradient":""}},"ast-content-background-meta":{"desktop":{"background-color":"var(--ast-global-color-5)","background-image":"","background-repeat":"repeat","background-position":"center center","background-size":"auto","background-attachment":"scroll","background-type":"","background-media":"","overlay-type":"","overlay-color":"","overlay-opacity":"","overlay-gradient":""},"tablet":{"background-color":"var(--ast-global-color-5)","background-image":"","background-repeat":"repeat","background-position":"center center","background-size":"auto","background-attachment":"scroll","background-type":"","background-media":"","overlay-type":"","overlay-color":"","overlay-opacity":"","overlay-gradient":""},"mobile":{"background-color":"var(--ast-global-color-5)","background-image":"","background-repeat":"repeat","background-position":"center center","background-size":"auto","background-attachment":"scroll","background-type":"","background-media":"","overlay-type":"","overlay-color":"","overlay-opacity":"","overlay-gradient":""}},"footnotes":""},"class_list":["post-4442","page","type-page","status-publish","hentry"],"aioseo_notices":[],"_links":{"self":[{"href":"https:\/\/commongoodmedical.org\/es\/wp-json\/wp\/v2\/pages\/4442","targetHints":{"allow":["GET"]}}],"collection":[{"href":"https:\/\/commongoodmedical.org\/es\/wp-json\/wp\/v2\/pages"}],"about":[{"href":"https:\/\/commongoodmedical.org\/es\/wp-json\/wp\/v2\/types\/page"}],"author":[{"embeddable":true,"href":"https:\/\/commongoodmedical.org\/es\/wp-json\/wp\/v2\/users\/1"}],"replies":[{"embeddable":true,"href":"https:\/\/commongoodmedical.org\/es\/wp-json\/wp\/v2\/comments?post=4442"}],"version-history":[{"count":5,"href":"https:\/\/commongoodmedical.org\/es\/wp-json\/wp\/v2\/pages\/4442\/revisions"}],"predecessor-version":[{"id":8124,"href":"https:\/\/commongoodmedical.org\/es\/wp-json\/wp\/v2\/pages\/4442\/revisions\/8124"}],"wp:attachment":[{"href":"https:\/\/commongoodmedical.org\/es\/wp-json\/wp\/v2\/media?parent=4442"}],"curies":[{"name":"wp","href":"https:\/\/api.w.org\/{rel}","templated":true}]}}